{"id":2,"date":"2014-10-19T23:35:08","date_gmt":"2014-10-19T23:35:08","guid":{"rendered":"http:\/\/jcroy.com\/site\/?page_id=2"},"modified":"2025-06-01T20:05:53","modified_gmt":"2025-06-01T20:05:53","slug":"biography","status":"publish","type":"page","link":"https:\/\/jcroy.com\/site\/biography\/","title":{"rendered":"Biography"},"content":{"rendered":"\t\t<div data-elementor-type=\"wp-page\" data-elementor-id=\"2\" class=\"elementor elementor-2\">\n\t\t\t\t<div class=\"elementor-element elementor-element-6d3c9d26 e-flex e-con-boxed e-con e-parent\" data-id=\"6d3c9d26\" data-element_type=\"container\">\n\t\t\t\t\t<div class=\"e-con-inner\">\n\t\t\t\t<div class=\"elementor-element elementor-element-e8915de elementor-widget elementor-widget-text-editor\" data-id=\"e8915de\" data-element_type=\"widget\" data-widget_type=\"text-editor.default\">\n\t\t\t\t<div class=\"elementor-widget-container\">\n\t\t\t\t\t\t\t\t\t \t\t\t\t\t\t\t\t<\/div>\n\t\t\t\t<\/div>\n\t\t\t\t\t<\/div>\n\t\t\t\t<\/div>\n\t\t<div class=\"elementor-element elementor-element-e795946 e-con-full e-flex e-con e-parent\" data-id=\"e795946\" data-element_type=\"container\">\n\t\t\t\t<div class=\"elementor-element elementor-element-acb607a elementor-widget elementor-widget-heading\" data-id=\"acb607a\" data-element_type=\"widget\" data-widget_type=\"heading.default\">\n\t\t\t\t<div class=\"elementor-widget-container\">\n\t\t\t\t\t<h2 class=\"elementor-heading-title elementor-size-default\">Biography <span class=\"french-nav\">Biographie<\/span><\/h2>\t\t\t\t<\/div>\n\t\t\t\t<\/div>\n\t\t\t\t<\/div>\n\t\t<div class=\"elementor-element elementor-element-ba83bcd e-con-full e-flex e-con e-parent\" data-id=\"ba83bcd\" data-element_type=\"container\">\n\t\t<div class=\"elementor-element elementor-element-cc47c17 e-con-full e-flex e-con e-child\" data-id=\"cc47c17\" data-element_type=\"container\">\n\t\t\t\t<div class=\"elementor-element elementor-element-77bb105 elementor-widget elementor-widget-image\" data-id=\"77bb105\" data-element_type=\"widget\" data-widget_type=\"image.default\">\n\t\t\t\t<div class=\"elementor-widget-container\">\n\t\t\t\t\t\t\t\t\t\t\t\t\t\t\t<img fetchpriority=\"high\" decoding=\"async\" width=\"353\" height=\"575\" src=\"https:\/\/jcroy.com\/site\/wp-content\/uploads\/2025\/05\/jcsharpenedcropped.jpg\" class=\"attachment-large size-large wp-image-3560\" alt=\"\" srcset=\"https:\/\/jcroy.com\/site\/wp-content\/uploads\/2025\/05\/jcsharpenedcropped.jpg 353w, https:\/\/jcroy.com\/site\/wp-content\/uploads\/2025\/05\/jcsharpenedcropped-184x300.jpg 184w, https:\/\/jcroy.com\/site\/wp-content\/uploads\/2025\/05\/jcsharpenedcropped-316x515.jpg 316w\" sizes=\"(max-width: 353px) 100vw, 353px\" \/>\t\t\t\t\t\t\t\t\t\t\t\t\t\t\t<\/div>\n\t\t\t\t<\/div>\n\t\t\t\t<\/div>\n\t\t<div class=\"elementor-element elementor-element-b0123f8 e-con-full e-flex e-con e-child\" data-id=\"b0123f8\" data-element_type=\"container\">\n\t\t\t\t<div class=\"elementor-element elementor-element-8a87c40 elementor-widget elementor-widget-text-editor\" data-id=\"8a87c40\" data-element_type=\"widget\" data-widget_type=\"text-editor.default\">\n\t\t\t\t<div class=\"elementor-widget-container\">\n\t\t\t\t\t\t\t\t\t<p class=\"p1\">Jean Claude Roy was born in Rochefort-sur-Mer on the west coast of France in 1948. He knew from the age of seven that he would be an artist, and was encouraged by his grandfather, a farmer of modest means who bought paintings at auctions. At the age of sixteen, Jean Claude attended merchant marine training and took his first job as an apprentice electrician on a cable-repair boat. There followed several years at sea, with much time spent in the port of St John&#8217;s, Newfoundland where his interest in art turned to landscape. In 1971 he emigrated to Newfoundland and for the next ten years worked as a marine electrician by day and an artist by night. He attended art classes for only two lessons and is essentially self-taught. By 1973 he was selling in local galleries and he had his first solo exhibition in 1974. There followed two exhibitions at the provincial art gallery and representation in galleries in other parts of Canada.<\/p><p class=\"p1\">In 1982 he returned to France to establish himself as an artist in his own country, while rebuilding the stone farmhouse in which he had grown up and cultivating his orchard. He maintained his ties with Newfoundland however, and since 1994 he has divided his time between the two countries.<\/p><p class=\"p1\"><span style=\"background-color: var(--color-bg, #fff); color: var( --e-global-color-text ); letter-spacing: 0px; text-align: var(--text-align);\">He describes his style as &#8220;expressionist-colourist&#8221;, working most frequently in oils with a palette knife. Since the late 1980&#8217;s a characteristic of his landscapes has been the presence of the sun; after staring at the sun, a black spot in front of his eyes was transformed into the sun on his canvas; he found that this added light to the landscape below, and it has now become an important part of the composition of each work.<\/span><\/p><p class=\"p1\">Painting almost every day, and usually on-site, his works reflect the season, the weather, the stories that passers-by tell him, his mood and the \u201cfeeling of the place\u201d. Thus each painting is both a page in his diary and in that of the place he paints.<\/p><p class=\"p1\">In 2011, Breakwater Books published <i>Fluctuat Nec Mergitur<\/i>, the culmination of forty years of work and containing a painting of every community on the island. A special edition was designed and produced in conjunction with bookbinder Brian Roberts, each copy of which has an original oil painting bound into its cover. In 2017, a companion volume, <i>Terra Magna<\/i>, was published, with images of Labrador.<\/p><p class=\"p1\">He is represented by galleries in Canada, the United States and France, and his works form part of many public and private collections.<\/p><p class=\"p1\">In 2023, he was awarded the Order of Newfoundland and Labrador.<\/p>\t\t\t\t\t\t\t\t<\/div>\n\t\t\t\t<\/div>\n\t\t\t\t<div class=\"elementor-element elementor-element-f558bec elementor-widget elementor-widget-text-editor\" data-id=\"f558bec\" data-element_type=\"widget\" data-widget_type=\"text-editor.default\">\n\t\t\t\t<div class=\"elementor-widget-container\">\n\t\t\t\t\t\t\t\t\t<p><span style=\"color: var( --e-global-color-text ); text-align: var(--text-align); background-color: var(--color-bg, #fff); letter-spacing: 0px;\"><i>Jean Claude Roy est n\u00e9 en France \u00e0 Rochefort sur Mer, sur la c\u00f4te atlantique, en 1948. D\u00e8s l\u2019\u00e2ge de sept ans, il souhaite devenir artiste peintre. Il y est d\u2019ailleurs encourag\u00e9 par son grand-p\u00e8re, un fermier aux revenus modestes qui achetait de temps en temps des tableaux dans les salles des ventes.<\/i><\/span><\/p>\n<p><i style=\"color: var( --e-global-color-secondary ); text-align: var(--text-align); background-color: var(--color-bg, #fff); letter-spacing: 0px;\">A l\u2019\u00e2ge de 16 ans, il suit une formation dans la marine marchande et il d\u00e9croche un premier emploi d\u2019\u00e9lectricien sur un c\u00e2blier. Il passera alors plusieurs ann\u00e9es en mer, et il effectuera de nombreuses escales au port de St Jean de Terre-Neuve. C\u2019est \u00e0 cette \u00e9poque que son int\u00e9r\u00eat artistique pour les paysages s\u2019affirme. En 1971, il \u00e9migre \u00e0 Terre-Neuve et, pendant les dix ann\u00e9es suivantes, il travaille comme \u00e9lectricien rebobineur le jour et comme artiste peintre le soir. Il prend des cours de peinture, seulement deux s\u00e9ances, et il est essentiellement autodidacte. A partir de 1973, ses toiles sont vendues dans plusieurs galeries locales et en 1974 il tient sa premi\u00e8re exposition en solo. S\u2019ensuivront deux autres expositions en solo \u00e0 la galerie d\u2019art de la province de Terre-Neuve et Labrador, ainsi que la pr\u00e9sentation de ses toiles dans des galeries d\u2019autres provinces canadiennes.<\/i><\/p>\n<p><i>En 1982, il d\u00e9cide de revenir en France car il souhaite \u00e9tablir une carri\u00e8re artistique dans son pays natal. Il maintient toutefois ses liens avec Terre-Neuve, et depuis 1994, il partage son temps entre les deux pays.<\/i><\/p>\n<p><i>Il d\u00e9crit son style comme \u201cexpressionniste coloriste\u201d et il travaille le plus souvent \u00e0 l\u2019huile et au couteau. Depuis la fin des ann\u00e9es 1980, une des caract\u00e9ristiques de ses paysages est la pr\u00e9sence du soleil. En regardant le soleil trop longtemps, un point noir obscurcit la vision, et ce point noir devient le soleil sur ses tableaux. Il a en effet r\u00e9alis\u00e9 que la pr\u00e9sence d\u2019un soleil noir sur la toile donne plus de lumi\u00e8re au paysage, et c\u2019est devenu aujourd\u2019hui une partie importante de la composition de chacune&nbsp;<\/i><span style=\"text-align: var(--text-align); background-color: var(--color-bg, #fff);\"><i>de ses \u0153uvres.<\/i><\/span><\/p>\n<p><i>Peignant pratiquement tous les jours, et de pr\u00e9f\u00e9rence sur le terrain, son travail refl\u00e8te les saisons, le temps, les r\u00e9cits des passants, son humeur et ce qu\u2019il ressent pour l\u2019endroit. Donc chaque tableau est une page de sa vie personnelle et de la vie de l\u2019endroit qu\u2019il a peint.<\/i><\/p>\n<p><i>En 2011, Breakwaters Books a publi\u00e9 Fluctuat Nec Mergitur, le r\u00e9sultat de quarante ans de travail : ses peintures de toutes les communaut\u00e9s de l\u2019\u00eele de Terre-Neuve. Une \u00e9dition sp\u00e9ciale, dont la couverture de chaque copie est un tableau \u00e0 l\u2019huile original, a \u00e9t\u00e9 con\u00e7ue et produite avec la collaboration du relieur Brian Roberts. Jean Claude travaille maintenant \u00e0 un volume similaire sur le Labrador, dont la publication est pr\u00e9vue pour l\u2019automne 2016.<\/i><\/p>\n<p><i>Ses tableaux sont expos\u00e9s dans un bon nombre de galeries au Canada, aux \u00c9tats-unis et en France, et il est pr\u00e9sent dans beaucoup de collections publiques et priv\u00e9es.<\/i><\/p>\t\t\t\t\t\t\t\t<\/div>\n\t\t\t\t<\/div>\n\t\t\t\t<\/div>\n\t\t\t\t<\/div>\n\t\t<div class=\"elementor-element elementor-element-a9da7fa e-flex e-con-boxed e-con e-parent\" data-id=\"a9da7fa\" data-element_type=\"container\">\n\t\t\t\t\t<div class=\"e-con-inner\">\n\t\t\t\t<div class=\"elementor-element elementor-element-6d827c8 elementor-widget-divider--view-line elementor-widget elementor-widget-divider\" data-id=\"6d827c8\" data-element_type=\"widget\" data-widget_type=\"divider.default\">\n\t\t\t\t<div class=\"elementor-widget-container\">\n\t\t\t\t\t\t\t<div class=\"elementor-divider\">\n\t\t\t<span class=\"elementor-divider-separator\">\n\t\t\t\t\t\t<\/span>\n\t\t<\/div>\n\t\t\t\t\t\t<\/div>\n\t\t\t\t<\/div>\n\t\t\t\t\t<\/div>\n\t\t\t\t<\/div>\n\t\t<div class=\"elementor-element elementor-element-88ff4be e-con-full e-flex e-con e-parent\" data-id=\"88ff4be\" data-element_type=\"container\">\n\t\t\t\t<div class=\"elementor-element elementor-element-80f5e7d elementor-widget elementor-widget-heading\" data-id=\"80f5e7d\" data-element_type=\"widget\" data-widget_type=\"heading.default\">\n\t\t\t\t<div class=\"elementor-widget-container\">\n\t\t\t\t\t<h2 class=\"elementor-heading-title elementor-size-default\">Media <i>M\u00e9dias<\/i><\/h2>\t\t\t\t<\/div>\n\t\t\t\t<\/div>\n\t\t\t\t<\/div>\n\t\t<div class=\"elementor-element elementor-element-e4940e0 e-flex e-con-boxed e-con e-parent\" data-id=\"e4940e0\" data-element_type=\"container\">\n\t\t\t\t\t<div class=\"e-con-inner\">\n\t\t<div class=\"elementor-element elementor-element-718cf43 e-con-full e-flex e-con e-child\" data-id=\"718cf43\" data-element_type=\"container\">\n\t\t\t\t<\/div>\n\t\t<div class=\"elementor-element elementor-element-91cf480 e-con-full e-flex e-con e-child\" data-id=\"91cf480\" data-element_type=\"container\">\n\t\t\t\t<div class=\"elementor-element elementor-element-120f941 elementor-widget elementor-widget-video\" data-id=\"120f941\" data-element_type=\"widget\" data-settings=\"{&quot;youtube_url&quot;:&quot;https:\\\/\\\/www.youtube.com\\\/embed\\\/gKbT6K1q4tY?si=ki1D5swKlIVsozKR&quot;,&quot;video_type&quot;:&quot;youtube&quot;,&quot;controls&quot;:&quot;yes&quot;}\" data-widget_type=\"video.default\">\n\t\t\t\t<div class=\"elementor-widget-container\">\n\t\t\t\t\t\t\t<div class=\"elementor-wrapper elementor-open-inline\">\n\t\t\t<div class=\"elementor-video\"><\/div>\t\t<\/div>\n\t\t\t\t\t\t<\/div>\n\t\t\t\t<\/div>\n\t\t\t\t<div class=\"elementor-element elementor-element-79977cc elementor-widget elementor-widget-text-editor\" data-id=\"79977cc\" data-element_type=\"widget\" data-widget_type=\"text-editor.default\">\n\t\t\t\t<div class=\"elementor-widget-container\">\n\t\t\t\t\t\t\t\t\t<p class=\"p1\">Terra Magna \u2013 JC Roy Battle Harbour \u00a0(2024)<br \/><span style=\"background-color: var(--color-bg, #fff); color: var( --e-global-color-text ); letter-spacing: 0px; text-align: var(--text-align);\">KinoLore Productions<\/span><\/p>\t\t\t\t\t\t\t\t<\/div>\n\t\t\t\t<\/div>\n\t\t\t\t<\/div>\n\t\t\t\t\t<\/div>\n\t\t\t\t<\/div>\n\t\t<div class=\"elementor-element elementor-element-e6c06a5 e-flex e-con-boxed e-con e-parent\" data-id=\"e6c06a5\" data-element_type=\"container\">\n\t\t\t\t\t<div class=\"e-con-inner\">\n\t\t<div class=\"elementor-element elementor-element-9b6081a e-con-full e-flex e-con e-child\" data-id=\"9b6081a\" data-element_type=\"container\">\n\t\t\t\t<\/div>\n\t\t<div class=\"elementor-element elementor-element-20a09eb e-con-full e-flex e-con e-child\" data-id=\"20a09eb\" data-element_type=\"container\">\n\t\t\t\t<div class=\"elementor-element elementor-element-098d216 elementor-widget elementor-widget-video\" data-id=\"098d216\" data-element_type=\"widget\" data-settings=\"{&quot;video_type&quot;:&quot;vimeo&quot;}\" data-widget_type=\"video.default\">\n\t\t\t\t<div class=\"elementor-widget-container\">\n\t\t\t\t\t\t\t<div class=\"elementor-wrapper elementor-open-inline\">\n\t\t\t<iframe class=\"elementor-video-iframe\" allowfullscreen allow=\"clipboard-write\" title=\"vimeo Video Player\" src=\"https:\/\/player.vimeo.com\/video\/356306383?color&amp;autopause=0&amp;loop=0&amp;muted=0&amp;title=1&amp;portrait=1&amp;byline=1#t=\"><\/iframe>\t\t<\/div>\n\t\t\t\t\t\t<\/div>\n\t\t\t\t<\/div>\n\t\t\t\t<div class=\"elementor-element elementor-element-ccd635c elementor-widget elementor-widget-text-editor\" data-id=\"ccd635c\" data-element_type=\"widget\" data-widget_type=\"text-editor.default\">\n\t\t\t\t<div class=\"elementor-widget-container\">\n\t\t\t\t\t\t\t\t\t<p>Tous Les Jours &#8211; The Art and Adventures of JC Roy from Nicholas Mullins<br \/>KinoLore Productions 2019<\/p>\t\t\t\t\t\t\t\t<\/div>\n\t\t\t\t<\/div>\n\t\t\t\t<\/div>\n\t\t\t\t\t<\/div>\n\t\t\t\t<\/div>\n\t\t<div class=\"elementor-element elementor-element-ba82e28 e-flex e-con-boxed e-con e-parent\" data-id=\"ba82e28\" data-element_type=\"container\">\n\t\t\t\t\t<div class=\"e-con-inner\">\n\t\t<div class=\"elementor-element elementor-element-1be2272 e-con-full e-flex e-con e-child\" data-id=\"1be2272\" data-element_type=\"container\">\n\t\t\t\t<\/div>\n\t\t<div class=\"elementor-element elementor-element-b69bbe2 e-con-full e-flex e-con e-child\" data-id=\"b69bbe2\" data-element_type=\"container\">\n\t\t\t\t<div class=\"elementor-element elementor-element-0173f55 elementor-widget elementor-widget-video\" data-id=\"0173f55\" data-element_type=\"widget\" data-settings=\"{&quot;video_type&quot;:&quot;vimeo&quot;}\" data-widget_type=\"video.default\">\n\t\t\t\t<div class=\"elementor-widget-container\">\n\t\t\t\t\t\t\t<div class=\"elementor-wrapper elementor-open-inline\">\n\t\t\t<iframe class=\"elementor-video-iframe\" allowfullscreen allow=\"clipboard-write\" title=\"vimeo Video Player\" src=\"https:\/\/player.vimeo.com\/video\/90217610?color&amp;autopause=0&amp;loop=0&amp;muted=0&amp;title=1&amp;portrait=1&amp;byline=1#t=\"><\/iframe>\t\t<\/div>\n\t\t\t\t\t\t<\/div>\n\t\t\t\t<\/div>\n\t\t\t\t<div class=\"elementor-element elementor-element-2ec65f3 elementor-widget elementor-widget-text-editor\" data-id=\"2ec65f3\" data-element_type=\"widget\" data-widget_type=\"text-editor.default\">\n\t\t\t\t<div class=\"elementor-widget-container\">\n\t\t\t\t\t\t\t\t\t<p class=\"p1\">To find out more about Jean Claude Roy and his book <i>Fluctuat Nec Mergitur<\/i>, please watch this interview with Adele Poynter, produced by Barbara Doran and Jerry McIntosh.<\/p>\t\t\t\t\t\t\t\t<\/div>\n\t\t\t\t<\/div>\n\t\t\t\t<\/div>\n\t\t\t\t\t<\/div>\n\t\t\t\t<\/div>\n\t\t<div class=\"elementor-element elementor-element-0416f7e e-flex e-con-boxed e-con e-parent\" data-id=\"0416f7e\" data-element_type=\"container\">\n\t\t\t\t\t<div class=\"e-con-inner\">\n\t\t<div class=\"elementor-element elementor-element-9c6c228 e-con-full e-flex e-con e-child\" data-id=\"9c6c228\" data-element_type=\"container\">\n\t\t\t\t<\/div>\n\t\t<div class=\"elementor-element elementor-element-9c52ea0 e-con-full e-flex e-con e-child\" data-id=\"9c52ea0\" data-element_type=\"container\">\n\t\t\t\t<div class=\"elementor-element elementor-element-19ed1c3 elementor-widget elementor-widget-video\" data-id=\"19ed1c3\" data-element_type=\"widget\" data-settings=\"{&quot;video_type&quot;:&quot;vimeo&quot;}\" data-widget_type=\"video.default\">\n\t\t\t\t<div class=\"elementor-widget-container\">\n\t\t\t\t\t\t\t<div class=\"elementor-wrapper elementor-open-inline\">\n\t\t\t<iframe class=\"elementor-video-iframe\" allowfullscreen allow=\"clipboard-write\" title=\"vimeo Video Player\" src=\"https:\/\/player.vimeo.com\/video\/161379922?color&amp;autopause=0&amp;loop=0&amp;muted=0&amp;title=1&amp;portrait=1&amp;byline=1#t=\"><\/iframe>\t\t<\/div>\n\t\t\t\t\t\t<\/div>\n\t\t\t\t<\/div>\n\t\t\t\t<div class=\"elementor-element elementor-element-8242480 elementor-widget elementor-widget-text-editor\" data-id=\"8242480\" data-element_type=\"widget\" data-widget_type=\"text-editor.default\">\n\t\t\t\t<div class=\"elementor-widget-container\">\n\t\t\t\t\t\t\t\t\t<p class=\"p1\">Short video produced for Newfoundland and Labrador Tourism by Target Marketing, showing Jean Claude painting in the community of Brigus South, Newfoundland.<\/p>\t\t\t\t\t\t\t\t<\/div>\n\t\t\t\t<\/div>\n\t\t\t\t<\/div>\n\t\t\t\t\t<\/div>\n\t\t\t\t<\/div>\n\t\t\t\t<\/div>\n\t\t","protected":false},"excerpt":{"rendered":"<p>Biography Biographie Jean Claude Roy was born in Rochefort-sur-Mer on &hellip;<\/p>\n","protected":false},"author":1,"featured_media":0,"parent":0,"menu_order":0,"comment_status":"open","ping_status":"open","template":"","meta":{"inline_featured_image":false,"footnotes":""},"class_list":["post-2","page","type-page","status-publish","hentry"],"_links":{"self":[{"href":"https:\/\/jcroy.com\/site\/wp-json\/wp\/v2\/pages\/2","targetHints":{"allow":["GET"]}}],"collection":[{"href":"https:\/\/jcroy.com\/site\/wp-json\/wp\/v2\/pages"}],"about":[{"href":"https:\/\/jcroy.com\/site\/wp-json\/wp\/v2\/types\/page"}],"author":[{"embeddable":true,"href":"https:\/\/jcroy.com\/site\/wp-json\/wp\/v2\/users\/1"}],"replies":[{"embeddable":true,"href":"https:\/\/jcroy.com\/site\/wp-json\/wp\/v2\/comments?post=2"}],"version-history":[{"count":183,"href":"https:\/\/jcroy.com\/site\/wp-json\/wp\/v2\/pages\/2\/revisions"}],"predecessor-version":[{"id":3758,"href":"https:\/\/jcroy.com\/site\/wp-json\/wp\/v2\/pages\/2\/revisions\/3758"}],"wp:attachment":[{"href":"https:\/\/jcroy.com\/site\/wp-json\/wp\/v2\/media?parent=2"}],"curies":[{"name":"wp","href":"https:\/\/api.w.org\/{rel}","templated":true}]}}