{"id":386,"date":"2014-11-03T19:08:42","date_gmt":"2014-11-03T19:08:42","guid":{"rendered":"http:\/\/jcroy.com\/site\/?page_id=386"},"modified":"2014-11-10T19:38:03","modified_gmt":"2014-11-10T19:38:03","slug":"fluctuat-nec-mergitur","status":"publish","type":"page","link":"https:\/\/jcroy.com\/site\/fluctuat-nec-mergitur\/","title":{"rendered":"Fluctuat nec mergitur"},"content":{"rendered":"<h4>Fluctuat nec mergitur<\/h4>\n<p>\u2014<br \/>\nIn September 2012, Breakwater Books published Jean Claude Roy\u2019s <em>Fluctuat Nec Mergitur<\/em>, a 480 page book that contains a painting of every community on the island of Newfoundland. This project was the  culmination of his forty years of travelling and painting in every corner of the island. The text is presented in French and English.<\/p>\n<p>A special edition was  developed in partnership with expert bookbinder <a href=\"http:\/\/bookbinderies.com\" target=\"_blank\">Brian Roberts<\/a>, who produced 150 unique books. Never before done, each book has an original 7 by 9 inch oil painting mounted into the front cover. Bound in linen and French goat skin with silver foil lettering, each of these numbered and signed limited editions is both an art book and a work of art. For more information on how they were made, click  <a href=\"http:\/\/www.bookbinderies.com\/custombookbinders\/\" target=\"_blank\">here<\/a>.<\/p>\n<p><em>Fluctuat nec Mergitur<\/em> is available from <a href=\"http:\/\/www.amazon.ca\/Fluctuat-Nec-Mergitur-Jean-Claude\/dp\/1550813420\/ref=sr_1_1?ie=UTF8&#038;qid=1415041915&#038;sr=8-1&#038;keywords=Fluctuat+nec+Mergitur\" target=\"_blank\">Amazon<\/a>. In Newfoundland it can be obtained from <a href=\"http:\/\/breakwaterbooks.com\" target=\"_blank\">Breakwater Books<\/a>, local bookstores including Chapters; The Rooms gift shop, and <a href=\"http:\/\/fiveisland.ca\" target=\"_blank\">Five Islands Gallery<\/a> in Tors Cove.<\/span><\/p>\n<p><span class=\"french-nav\">En septembre 2012, Breakwater Books a publi\u00e9 le dernier livre de Jean Claude Roy : Fluctuat Nec Mergitur,  480 pages de tableaux repr\u00e9sentant toutes les communaut\u00e9s de l\u2019\u00eele de Terre-Neuve.  Ce projet est le r\u00e9sultat de ses quarante ann\u00e9es de voyage et de peinture dans tous les moindres recoins de l\u2019\u00eele. Le texte est bilingue, anglais et fran\u00e7ais.<\/span><\/p>\n<p><span class=\"french-nav\">Une \u00e9dition sp\u00e9ciale a \u00e9t\u00e9 con\u00e7ue en collaboration avec un expert de la reliure, <a href=\"http:\/\/bookbinderies.com\" target=\"_blank\">Brian Roberts<\/a>, qui a produit 150 livres uniques et innovants : la couverture de chacun de ces livres est en fait un tableau \u00e0 l\u2019huile original de 7 pouces par 9.  Reli\u00e9s en lin et en peau de ch\u00e8vre, avec des lettres d\u2019argent, ces livres num\u00e9rot\u00e9s et sign\u00e9s sont en m\u00eame temps des livres d\u2019art et des \u0153uvres d\u2019art. Pour plus de d\u00e9tails sur leur mise en \u0153uvre, cliquez <a href=\"http:\/\/www.bookbinderies.com\/custombookbinders\/\" target=\"_blank\">ici<\/a>.<\/span><\/p>\n<p><span class=\"french-nav\"><em>Fluctuat nec Mergitur<\/em> est disponible chez <a href=\"http:\/\/www.amazon.ca\/Fluctuat-Nec-Mergitur-Jean-Claude\/dp\/1550813420\/ref=sr_1_1?ie=UTF8&#038;qid=1415041915&#038;sr=8-1&#038;keywords=Fluctuat+nec+Mergitur\" target=\"_blank\">Amazon<\/a>, et \u00e0 Terre-Neuve chez <a href=\"http:\/\/breakwaterbooks.com\" target=\"_blank\">Breakwater Books<\/a> et plusieurs librairies comme Chapters, ainsi qu\u2019\u00e0 la boutique du mus\u00e9e The Rooms et \u00e0 la galerie <a href=\"http:\/\/fiveisland.ca\" target=\"_blank\">Five Islands Gallery<\/a> de Tors Cove.<\/span><\/p>\n","protected":false},"excerpt":{"rendered":"<p>Fluctuat nec mergitur \u2014 In September 2012, Breakwater Books published &hellip;<\/p>\n","protected":false},"author":1,"featured_media":0,"parent":0,"menu_order":0,"comment_status":"closed","ping_status":"closed","template":"","meta":{"inline_featured_image":false,"footnotes":""},"class_list":["post-386","page","type-page","status-publish","hentry"],"_links":{"self":[{"href":"https:\/\/jcroy.com\/site\/wp-json\/wp\/v2\/pages\/386","targetHints":{"allow":["GET"]}}],"collection":[{"href":"https:\/\/jcroy.com\/site\/wp-json\/wp\/v2\/pages"}],"about":[{"href":"https:\/\/jcroy.com\/site\/wp-json\/wp\/v2\/types\/page"}],"author":[{"embeddable":true,"href":"https:\/\/jcroy.com\/site\/wp-json\/wp\/v2\/users\/1"}],"replies":[{"embeddable":true,"href":"https:\/\/jcroy.com\/site\/wp-json\/wp\/v2\/comments?post=386"}],"version-history":[{"count":4,"href":"https:\/\/jcroy.com\/site\/wp-json\/wp\/v2\/pages\/386\/revisions"}],"predecessor-version":[{"id":465,"href":"https:\/\/jcroy.com\/site\/wp-json\/wp\/v2\/pages\/386\/revisions\/465"}],"wp:attachment":[{"href":"https:\/\/jcroy.com\/site\/wp-json\/wp\/v2\/media?parent=386"}],"curies":[{"name":"wp","href":"https:\/\/api.w.org\/{rel}","templated":true}]}}